{"id":23,"date":"2026-02-26T00:00:18","date_gmt":"2026-02-26T00:00:18","guid":{"rendered":"https:\/\/rafibaovao.noblogs.org\/?page_id=23"},"modified":"2026-03-23T18:23:25","modified_gmt":"2026-03-23T18:23:25","slug":"sata-fanontana","status":"publish","type":"page","link":"https:\/\/rafibaovao.noblogs.org\/?page_id=23","title":{"rendered":"Sata fanontana &#8211; Charte \u00c9ditoriale"},"content":{"rendered":"\n<h1 class=\"wp-block-heading\">Amin&rsquo;ny teny Malagasy<\/h1>\n\n\n\n<p><strong>Pejy manonta lahatsoratra isan-kerinandro manome vahana ny kolontsaina pr\u00f4letera revolisionera Malagasy<\/strong> (Hevitra avy amin&rsquo;ny <em><em><a href=\"https:\/\/en.wikipedia.org\/wiki\/L%27Ordine_Nuovo\" data-type=\"link\" data-id=\"https:\/\/en.wikipedia.org\/wiki\/L%27Ordine_Nuovo\">Ordine Nuovo<\/a><\/em><\/em> an\u2019i Antonio Gramsci)<\/p>\n\n\n\n<h2 class=\"wp-block-heading\"><strong>1. Iraka sy tanjona<\/strong> <\/h2>\n\n\n\n<p>Rafi-baovao dia fanehoan-kevitra isan-kerinandro hanorenana miaraka ny <strong>fahatongavan-tsain&rsquo;ny mpikarama<\/strong> sy <strong>hampanjakana ny kolontsaina revolisionera<\/strong> amin&rsquo;ny foto-pisainana Malagasy. Tahaka an&rsquo;i Gramsci tao amin&rsquo;ny <em><a href=\"https:\/\/en.wikipedia.org\/wiki\/L%27Ordine_Nuovo\" data-type=\"link\" data-id=\"https:\/\/en.wikipedia.org\/wiki\/L%27Ordine_Nuovo\">Ordine Nuovo<\/a><\/em> (1919-1920), isika dia mino fa tsy vita any am-piasana na eny an-dalambe ihany ny revolisiona, fa tokony hoatao hatrany an-tsaina, ny fomba fianantsika isan&rsquo;andro ary ny fanovana ny kolontsaina iraisan&rsquo;ny vahoaka. Ny tena tanjona dia :<\/p>\n\n\n\n<ul class=\"wp-block-list\">\n<li style=\"font-size:18px\">Mamakafaka ny zava-misy iainan&rsquo;ny malagasy (ny fanararaotana ara-toekarena, ny nolovaintsika tamin&rsquo;ny fanjanahantany, ny neokolonialisma, ny tsy fitoviana eo amin&rsquo;ny fiarahamonina, ny fahapotehan&rsquo;ny tontolo iainana, ary ny ady ara-kolontsaina eo amin&rsquo;ny vahoaka sy ny kapitalista manjakazaka azy) miaraka amin&rsquo;ny fitaovan&rsquo;ny <a href=\"https:\/\/www.marxists.org\/francais\/marx\/works\/1845\/00\/kmfe18450000c.htm\"><strong>materialisma ara-tantara<\/strong><\/a>.<\/li>\n\n\n\n<li style=\"font-size:18px\">Manome vahana sy mampiely ny fanehoana ara-kolontsain&rsquo;ny vahoaka mamokatra : poezia, sarisary, fanehoana, hira, sns.<\/li>\n\n\n\n<li style=\"font-size:18px\">Manabe sy manentana ny vahoaka : ny tanora, ny tantsaha, ny mpiasa, ny sahirana.<\/li>\n\n\n\n<li style=\"font-size:18px\">Mampirisika ny fandraisana anjara mavitriky ny olon-drehetra te handray anjara. Afaka mandray anjara avokoa ny rehetra, n&rsquo;inona inona fari-pahaizany sy toerany eo amin&rsquo;ny fiarahamoinina rehefa vonon-kizara izay mahasoa ny tolom-piavotana.<\/li>\n<\/ul>\n\n\n\n<h2 class=\"wp-block-heading\"><strong>2. Fepetra fanontana<\/strong><\/h2>\n\n\n\n<ul class=\"wp-block-list\">\n<li style=\"font-size:18px\"><strong>Fiandaniana ho an&rsquo;ny <\/strong>tolom-piavotana : Izahay dia miady hoan&rsquo;ny fahafahana feno ho an&rsquo;ny mpiasa sy ny ory rehetra. Noho izany, izahay dia manohitra ny <strong><em>imperialisma<\/em> dingana farantampon&rsquo;ny <em>kapitalisma<\/em><\/strong>, sy ny andrianisma. Manohana ny <em>internasionalisma<\/em> eo amin&rsquo;ny proletaria rehetra maneran-tany, ary miray hina amin&rsquo;ny tolom-bahoaka rehetra maneran-tany manohitra ny fangejana azy.<\/li>\n\n\n\n<li style=\"font-size:18px\"><strong>Fahazavana<\/strong> : Ny lahatsoratra rehetra dia tokony ho azon&rsquo;ny daholobe. Tsy ilainay ny fitenin&rsquo;avara-pianarana ranoray ; ary hohazavaina avokoa izay foto-kevitra marksista rehetra ampiasainay.<\/li>\n\n\n\n<li style=\"font-size:18px\"><strong>Mifototra kokoa amin&rsquo;ny eto an-toerana<\/strong> : Omen-danja manokana ny zava-misy iainan&rsquo;ny malagasy (Antananarivo, faritany, ambanivohitra, tan\u00e0na kely, diaspora). Firesahana ny tantara malagasy (1947, hetsi-bahoaka, mpitarika mamim-bahoaka).<\/li>\n\n\n\n<li style=\"font-size:18px\"><strong>Firaisan-kina ao amin&rsquo;ny fahamaromaroana<\/strong> : Feo samihafa no ho re ato (mpanoratra, poeta, mpanao sary, mafana fo). Raha mbola mifanaraka amin&rsquo;ny tanjona hanorenana kolontsaina pr\u00f4letera ny fandraisana anjaran&rsquo;ny tsirairay, dia horaisinay sy hahelinay ato foana. Manana fijery marksista misokatra<sup data-fn=\"c0eb1dee-d800-4a7e-8ed6-440f915ce993\" class=\"fn\"><a href=\"#c0eb1dee-d800-4a7e-8ed6-440f915ce993\" id=\"c0eb1dee-d800-4a7e-8ed6-440f915ce993-link\">1<\/a><\/sup> isika ato, ka tsy ekena ny <em><a href=\"https:\/\/www.lalanguefrancaise.com\/dictionnaire\/definition\/sectarisme\" data-type=\"link\" data-id=\"https:\/\/www.lalanguefrancaise.com\/dictionnaire\/definition\/sectarisme\">sektarisma<\/a><\/em> sy ny polemika tsy mitondra n&rsquo;inona inona ao amin&rsquo;ny fijery tankavia isan-karazany.<\/li>\n\n\n\n<li style=\"font-size:18px\"><strong>Tsikera malalaka<\/strong> : Tsy miafina amin&rsquo;ny fitsikeraina ireo mpangoron-karena<sup data-fn=\"9f6a4ccd-9132-4a4f-8699-937dc5088e99\" class=\"fn\"><a href=\"#9f6a4ccd-9132-4a4f-8699-937dc5088e99\" id=\"9f6a4ccd-9132-4a4f-8699-937dc5088e99-link\">2<\/a><\/sup> malagasy, ireo olon&rsquo;ny imperialisma eto Madagasikara sy avy any ivelany, sns izahay. Arahina tohan-kevitra nampiasan-tsaina anefa izany tsikera izany fa tsy fankahalana maimaim-poana. Ny rafitra no tsikeraintsika sy iadivantsika, fa tsy ny olona. Mety hiendrika fitsikerana olona anefa izany tsikera izany, tsy maninona, satria ny olona rahateo no mampihatra sy manohy ny rafitra.<\/li>\n\n\n\n<li style=\"font-size:18px\">Satria moa isika manome lanja ny mpandray anjara ato dia tsy maintsy soniavin&rsquo;ny mpandray anjara ny asa natontany tato. Na amin&rsquo;ny halalan&rsquo;ny anarany manokana izany, na amin&rsquo;ny halalan&rsquo;ny solon&rsquo;anarana entiny miady.<\/li>\n\n\n\n<li style=\"font-size:18px\"><strong>Fiteny<\/strong> : Omen-danja manokana ny <strong>malagasy<\/strong> (hiresahana amin&rsquo;ny sarababem-bahoaka). Ekena ihany koa ny frantsay sy ny anglisy hisarihana mpamaky avy any ivelany. Tohanana manokana ny lahatsoratra voadika amin&rsquo;ny fiteny samihafa.<\/li>\n<\/ul>\n\n\n\n<h2 class=\"wp-block-heading\"><strong>3. Ireo karazan-kasa atonta ato<\/strong><\/h2>\n\n\n\n<ul class=\"wp-block-list\">\n<li style=\"font-size:18px\">Lahatsoratra ahitana famakafakana ara-politika, ara-toekarena, ara-tsosialy, ara-kolontsaina (teny 800\u20131800). Tsy ferana ny mihoatra, na izany aza.<\/li>\n\n\n\n<li style=\"font-size:18px\">Tononkalo revolisionera, lahateny adika an-tsoratra.<\/li>\n\n\n\n<li style=\"font-size:18px\">Sary, sariitatra, sary fanehoana (format PNG raha mbola mila amboarina\/JPG kosa raha tonga dia zaraina avy hatrany).<\/li>\n\n\n\n<li style=\"font-size:18px\">Fitantar\u00e0na ny niainana manokana, \u200b\u200btantara mifandraika amin&rsquo;ny tolona, \u200b\u200binterviews.<\/li>\n\n\n\n<li style=\"font-size:18px\">Tsikeran&rsquo;ny <em>oeuvres<\/em> (boky, horonan-tsary, hira) tarafina amin&rsquo;ny fijery pr\u00f4letera.<\/li>\n<\/ul>\n\n\n\n<h2 class=\"wp-block-heading\"><strong>4. Fitsipiky ny fanontana<\/strong><\/h2>\n\n\n\n<ul class=\"wp-block-list\">\n<li style=\"font-size:18px\"><strong>Fiaraha-miasa<\/strong> : Ny mpandray anjara matetika dia afaka miova ho <em>co-\u00e9diteurs<\/em>.<\/li>\n\n\n\n<li style=\"font-size:18px\"><strong>Fandrindrana<\/strong> : Ny zava-drehetra zaraina ato dia hoaverina vakiana hijerena ny fifanarahany amin&rsquo;ny fepetra fanontana. Mety tsy ho ekena ny asa iray (ary hoarahina tohan-kevitra izany tsy fanekena izany) raha toa ka maneho : <strong>fanavakavaham-bolonkoditra<\/strong>, <strong>fanavakavahana vehivavy<\/strong> <strong>sy LGBTQIA+<\/strong>, <strong>manamarina ny imperialisma<\/strong>, na mifanohitra amin&rsquo;ny tanjom-pahafahana tadiavin&rsquo;ny mpikarama.<\/li>\n\n\n\n<li style=\"font-size:18px\"><strong>Fahamarinana<\/strong> : Lazao hoe avy aiza ny zavatra lazainao raha azo atao. Aza manao <em>plagiat<\/em> (hozahanay izany).<\/li>\n\n\n\n<li style=\"font-size:18px\"><strong>Haavom-peo<\/strong> : Miandany, vonon-kiady fa manaja ny mpamaky. Fadio ny fanevatevana tsy amin&rsquo;ny antony na ny fiteny maherisetra loatra ka manakatona ny fifanakalozana.<\/li>\n\n\n\n<li style=\"font-size:18px\"><strong>Hatetika<\/strong> : Isaky ny zom\u00e0 (farafaharatsiny misy fandraisana anjara 1). Teasers sy firesahana isan&rsquo;andro ao amin&rsquo;i Meta (<a href=\"https:\/\/www.facebook.com\/rafi.baovao\">Facebook<\/a>, <a href=\"https:\/\/www.instagram.com\/rafi.baovao\/\">Instagram<\/a>, <a href=\"https:\/\/www.threads.com\/@rafi.baovao\">Threads<\/a>).<\/li>\n<\/ul>\n\n\n\n<h2 class=\"wp-block-heading\"><strong>5. Fitsipika hoan&rsquo;ireo mpandray sy te handray anjara<\/strong><\/h2>\n\n\n\n<ul class=\"wp-block-list\">\n<li style=\"font-size:18px\">Alefaso ato amin&rsquo;<a href=\"https:\/\/forms.gle\/6u2rPj6bvWsZG1Dj9\">ity formulaire ity<\/a>.<\/li>\n\n\n\n<li style=\"font-size:18px\">Ataovy ao ny bio-nao (andininy 3\u20135) ary ireo zavatra efa natontanao ka tianao hozaraina amin&rsquo;ny mpanaraka raha misy.<\/li>\n\n\n\n<li style=\"font-size:18px\">Ekeo fa hozaraina mifanaraka amin&rsquo;ny <strong><a href=\"https:\/\/creativecommons.org\/share-your-work\/cclicenses\/#:~:text=CC%20BY%2DNC%2DSA,under%20the%20same%20terms.\" data-type=\"link\" data-id=\"https:\/\/creativecommons.org\/share-your-work\/cclicenses\/#:~:text=CC%20BY%2DNC%2DSA,under%20the%20same%20terms.\">licence Creative Commons CC BY-NC-SA<\/a><\/strong> ( izany hoe azo zaraina ilay izy fa tsy maintsy tononina ny mpanoratra, ary tsy azo amidy).<\/li>\n\n\n\n<li style=\"font-size:18px\">Tsy andraisan-karama aloha ilay izy hatreto (tetik&rsquo;asan&rsquo;ny mpitolona ihany izy manko) ; tanjona any aoriana : micro-financement na tolo-tanana ara-bola hanohanana ireo mpandray anjara.<\/li>\n\n\n\n<li style=\"font-size:18px\">Midira vondrona WhatsApp hifanakalozana sy hamantarana ny <a href=\"https:\/\/motmalgache.org\/bins\/teny2\/kalandrie#mg.n\">kalandrie<\/a>. Afaka resahanao mivantana amin&rsquo;ny mpandrindra izany.<\/li>\n<\/ul>\n\n\n\n<h2 class=\"wp-block-heading\"><strong>6. Soatoavina fototra<\/strong><\/h2>\n\n\n\n<ul class=\"wp-block-list\">\n<li style=\"font-size:18px\">Firaisankin&rsquo;ny mpiasa sy ny vahoaka rehetra mitolona ho an&rsquo;ny fahafahany.<\/li>\n\n\n\n<li style=\"font-size:18px\"><em><span style=\"text-decoration: underline\">T<\/span><\/em><span style=\"text-decoration: underline\"><em>eny miakatra hifampiherana sy teny midina hifampifehezana<\/em>,<\/span> tsikera sy fitsikerana ny tena manokana<sup data-fn=\"67aa8e11-f66e-4588-96fd-6acf005c1a30\" class=\"fn\"><a href=\"#67aa8e11-f66e-4588-96fd-6acf005c1a30\" id=\"67aa8e11-f66e-4588-96fd-6acf005c1a30-link\">3<\/a><\/sup>.<\/li>\n\n\n\n<li style=\"font-size:18px\"><span style=\"text-decoration: underline\"><em>Materialisma dialektika<\/em><\/span> : <\/li>\n<\/ul>\n\n\n\n<h2 class=\"wp-block-heading\"><strong>7. <strong>Fifandraisana sy fandraisana anjara<\/strong><\/strong> <\/h2>\n\n\n\n<p>Araho tsy tapaka ny pejy <a href=\"https:\/\/www.facebook.com\/rafi.baovao\">Facebook<\/a>\/<a href=\"https:\/\/www.instagram.com\/rafi.baovao\/\">Instagram<\/a>\/<a href=\"https:\/\/www.threads.com\/@rafi.baovao\">Threads<\/a> : @rafi.baovao. Aza misalasala ihany koa mandefa hafatra miafina ao fa hovaliana izany. Tsy azo hadinoina moa ny formulaire fandefasana ny asanao, dia <a href=\"https:\/\/forms.gle\/6u2rPj6bvWsZG1Dj9\">ity<\/a>.<\/p>\n\n\n\n<p>Antananarivo, 23 febroary 2026<\/p>\n\n\n\n<p class=\"has-text-align-center\"><strong><a href=\"https:\/\/rafibaovao.noblogs.org\/\">Fandraisana<\/a><\/strong><\/p>\n\n\n\n<hr class=\"wp-block-separator has-alpha-channel-opacity\" \/>\n\n\n\n<h1 class=\"wp-block-heading\">Version Fran\u00e7aise<\/h1>\n\n\n\n<p><strong>Publication hebdomadaire pour une culture prol\u00e9tarienne r\u00e9volutionnaire \u00e0 Madagascar<\/strong> (Inspir\u00e9e de L\u2019<em><em><a href=\"https:\/\/en.wikipedia.org\/wiki\/L%27Ordine_Nuovo\" data-type=\"link\" data-id=\"https:\/\/en.wikipedia.org\/wiki\/L%27Ordine_Nuovo\">Ordine Nuovo<\/a><\/em><\/em> d\u2019Antonio Gramsci)<\/p>\n\n\n\n<h2 class=\"wp-block-heading\"><strong>1. Mission et objectifs<\/strong> <\/h2>\n\n\n\n<p>Rafi-baovao (\u00ab Nouvel Ordre \u00bb) est une revue collective hebdomadaire qui vise \u00e0 contribuer \u00e0 la formation d\u2019une <strong>conscience prol\u00e9tarienne<\/strong> et \u00e0 la construction d\u2019une <strong>h\u00e9g\u00e9monie culturelle r\u00e9volutionnaire<\/strong> \u00e0 Madagascar. Comme Gramsci dans L\u2019<em><em><a href=\"https:\/\/en.wikipedia.org\/wiki\/L%27Ordine_Nuovo\" data-type=\"link\" data-id=\"https:\/\/en.wikipedia.org\/wiki\/L%27Ordine_Nuovo\">Ordine Nuovo<\/a><\/em><\/em> (1919-1920), nous croyons que la r\u00e9volution ne se fait pas seulement dans les usines ou les rues, mais aussi dans les esprits, les pratiques quotidiennes et les formes culturelles du peuple. Nos objectifs principaux :<\/p>\n\n\n\n<ul class=\"wp-block-list\">\n<li style=\"font-size:18px\">Analyser la r\u00e9alit\u00e9 malgache (exploitation \u00e9conomique, h\u00e9ritage colonial et n\u00e9ocolonial, in\u00e9galit\u00e9s sociales, destruction \u00e9cologique, ali\u00e9nation culturelle) avec les outils du <a href=\"https:\/\/www.marxists.org\/francais\/marx\/works\/1845\/00\/kmfe18450000c.htm\" data-type=\"link\" data-id=\"https:\/\/www.marxists.org\/francais\/marx\/works\/1845\/00\/kmfe18450000c.htm\">mat\u00e9rialisme historique.<\/a><\/li>\n\n\n\n<li style=\"font-size:18px\">Valoriser et diffuser les expressions culturelles du peuple travailleur : po\u00e9sie, dessin satirique, t\u00e9moignages, chants, traditions orales revisit\u00e9es.<\/li>\n\n\n\n<li style=\"font-size:18px\">\u00c9duquer et mobiliser les classes populaires, la jeunesse, les paysans, les ouvriers, les pr\u00e9caires, sans jamais nous adresser uniquement aux \u00ab initi\u00e9s \u00bb.<\/li>\n\n\n\n<li style=\"font-size:18px\">Encourager la participation active : toute personne engag\u00e9e peut contribuer, peu importe son niveau d\u2019\u00e9tudes ou son statut social.<\/li>\n<\/ul>\n\n\n\n<h2 class=\"wp-block-heading\"><strong>2. Ligne \u00e9ditoriale<\/strong><\/h2>\n\n\n\n<ul class=\"wp-block-list\">\n<li style=\"font-size:18px\"><strong>Engagement r\u00e9volutionnaire<\/strong> : Nous d\u00e9fendons l\u2019\u00e9mancipation totale des travailleurs et des opprim\u00e9s. Nous sommes anti-imp\u00e9rialistes, anticapitalistes, antif\u00e9odaux, internationalistes, et solidaires des luttes mondiales.<\/li>\n\n\n\n<li style=\"font-size:18px\"><strong>Accessibilit\u00e9 et clart\u00e9<\/strong> : Les textes doivent \u00eatre compr\u00e9hensibles par le plus grand nombre. \u00c9viter le jargon universitaire inutile ; expliquer les concepts marxistes quand ils sont utilis\u00e9s.<\/li>\n\n\n\n<li style=\"font-size:18px\"><strong>Ancrage local<\/strong> : Priorit\u00e9 aux r\u00e9alit\u00e9s malgaches (Tana, provinces, campagnes, villes secondaires, diaspora). R\u00e9f\u00e9rences \u00e0 l\u2019histoire malgache (1947, mouvements sociaux, figures populaires).<\/li>\n\n\n\n<li style=\"font-size:18px\"><strong>Pluralisme dans l\u2019unit\u00e9<\/strong> : Diversit\u00e9 des voix (auteurs, po\u00e8tes, dessinateurs, activistes), tant que les contributions respectent l\u2019objectif global de construction d\u2019une culture prol\u00e9tarienne. Pas de sectarisme ni de pol\u00e9miques st\u00e9riles entre courants de gauche.<\/li>\n\n\n\n<li style=\"font-size:18px\"><strong>Critique sans concession<\/strong> : Critique radicale de la bourgeoisie malgache, des \u00e9lites corrompues, des ONG imp\u00e9rialistes, des religions instrumentalis\u00e9es, mais toujours avec arguments et sans haine personnelle gratuite.<\/li>\n\n\n\n<li style=\"font-size:18px\"><strong>Langues<\/strong> : Priorit\u00e9 au <strong>malgache<\/strong> (pour toucher les masses). Fran\u00e7ais accept\u00e9 pour \u00e9largir le lectorat. Anglais occasionnel pour traductions ou \u00e9changes internationaux. Les textes bilingues sont encourag\u00e9s.<\/li>\n<\/ul>\n\n\n\n<h2 class=\"wp-block-heading\"><strong>3. Types de contenus accept\u00e9s<\/strong><\/h2>\n\n\n\n<ul class=\"wp-block-list\">\n<li style=\"font-size:18px\">Articles d\u2019analyse politique, \u00e9conomique, sociale, culturelle (800\u20131800 mots).<\/li>\n\n\n\n<li style=\"font-size:18px\">Po\u00e8mes r\u00e9volutionnaires, slam, textes oraux adapt\u00e9s.<\/li>\n\n\n\n<li style=\"font-size:18px\">Dessins graphiques, caricatures, illustrations symboliques (format PNG\/JPG, haute r\u00e9solution).<\/li>\n\n\n\n<li style=\"font-size:18px\">T\u00e9moignages, r\u00e9cits de lutte, interviews courtes.<\/li>\n\n\n\n<li style=\"font-size:18px\">Critiques d\u2019\u0153uvres (livres, films, musiques) vues sous l\u2019angle prol\u00e9tarien.<\/li>\n\n\n\n<li style=\"font-size:18px\">Rubriques r\u00e9currentes : \u00ab Voix du peuple \u00bb, \u00ab H\u00e9ritage colonial \u00bb, \u00ab Jeunesse et avenir \u00bb, etc.<\/li>\n<\/ul>\n\n\n\n<h2 class=\"wp-block-heading\"><strong>4. Principes de publication<\/strong><\/h2>\n\n\n\n<ul class=\"wp-block-list\">\n<li style=\"font-size:18px\"><strong>Collectif<\/strong> : rafibaovao n\u2019appartient \u00e0 personne ; les contributeurs r\u00e9guliers peuvent devenir co-\u00e9diteurs.<\/li>\n\n\n\n<li style=\"font-size:18px\"><strong>Mod\u00e9ration<\/strong> : Les contenus sont relus pour coh\u00e9rence avec la ligne \u00e9ditoriale. Refus possible (mais motiv\u00e9) si le texte est raciste, sexiste, homophobe, apolog\u00e9tique du capitalisme, ou contraire \u00e0 l\u2019objectif \u00e9mancipateur.<\/li>\n\n\n\n<li style=\"font-size:18px\"><strong>Sources et honn\u00eatet\u00e9<\/strong> : Citer les sources quand possible. Pas de plagiat (v\u00e9rification syst\u00e9matique).<\/li>\n\n\n\n<li style=\"font-size:18px\"><strong>Ton<\/strong> : Engag\u00e9, combatif, mais respectueux des lecteurs. \u00c9viter l\u2019insulte gratuite ou le langage trop violent qui ferme le dialogue.<\/li>\n\n\n\n<li style=\"font-size:18px\"><strong>Fr\u00e9quence<\/strong> : Un num\u00e9ro complet tous les vendredis (3\u20136 contributions). Teasers et discussions quotidiennes sur Meta (<a href=\"https:\/\/www.facebook.com\/rafi.baovao\" data-type=\"link\" data-id=\"https:\/\/www.facebook.com\/rafi.baovao\">Facebook<\/a>, <a href=\"https:\/\/www.instagram.com\/rafi.baovao\/\" data-type=\"link\" data-id=\"https:\/\/www.instagram.com\/rafi.baovao\/\">Instagram<\/a>, <a href=\"https:\/\/www.threads.com\/@rafi.baovao\">Threads<\/a>).<\/li>\n<\/ul>\n\n\n\n<h2 class=\"wp-block-heading\"><strong>5. R\u00e8gles pour les contributeurs<\/strong><\/h2>\n\n\n\n<ul class=\"wp-block-list\">\n<li style=\"font-size:18px\">Soumettre via ce <a href=\"https:\/\/forms.gle\/6u2rPj6bvWsZG1Dj9\" data-type=\"link\" data-id=\"https:\/\/forms.gle\/6u2rPj6bvWsZG1Dj9\">formulaire<\/a> ou par message direct.<\/li>\n\n\n\n<li style=\"font-size:18px\">Fournir une courte bio (3\u20135 lignes) et des exemples de travaux ant\u00e9rieurs si possible.<\/li>\n\n\n\n<li style=\"font-size:18px\">Accepter que le contenu soit publi\u00e9 sous licence Creative Commons CC BY-NC-SA (partage autoris\u00e9 avec mention de l\u2019auteur et non-commercial).<\/li>\n\n\n\n<li style=\"font-size:18px\">Pas de r\u00e9mun\u00e9ration pour l\u2019instant (projet militant) ; objectif futur : micro-financement ou dons pour soutenir les contributeurs les plus actifs.<\/li>\n\n\n\n<li style=\"font-size:18px\">Rejoindre le groupe de discussion WhatsApp pour \u00e9changes et calendrier.<\/li>\n<\/ul>\n\n\n\n<h2 class=\"wp-block-heading\"><strong>6. Valeurs fondamentales<\/strong><\/h2>\n\n\n\n<ul class=\"wp-block-list\">\n<li style=\"font-size:18px\">Solidarit\u00e9 prol\u00e9tarienne et avec les peuples en lutte pour leur lib\u00e9ration.<\/li>\n\n\n\n<li style=\"font-size:18px\"><span style=\"text-decoration: underline\"><em>Centralisme d\u00e9mocratique<\/em><\/span>, critique et autocritique.<\/li>\n\n\n\n<li><em><span style=\"text-decoration: underline\">Mat\u00e9rialisme dialectique<\/span><\/em>.<\/li>\n<\/ul>\n\n\n\n<h2 class=\"wp-block-heading\"><strong>7. Contact et participation<\/strong> <\/h2>\n\n\n\n<p>Envoyez vos contributions ou vos questions <a href=\"https:\/\/forms.gle\/6u2rPj6bvWsZG1Dj9\" data-type=\"link\" data-id=\"https:\/\/forms.gle\/6u2rPj6bvWsZG1Dj9\">ici<\/a>. Rejoignez-nous sur <a href=\"https:\/\/www.facebook.com\/rafi.baovao\">Facebook<\/a>\/<a href=\"https:\/\/www.instagram.com\/rafi.baovao\/\" data-type=\"link\" data-id=\"https:\/\/www.instagram.com\/rafi.baovao\/\">Instagram<\/a>\/<a href=\"https:\/\/www.threads.com\/@rafi.baovao\" data-type=\"link\" data-id=\"https:\/\/www.threads.com\/@rafi.baovao\">Threads <\/a>: @rafi.baovao. Vous pouvez \u00e9galement nous contacter par message.<\/p>\n\n\n\n<p>Antananarivo le 23 F\u00e9vrier 2026<\/p>\n\n\n<div class=\"wp-block-post-author\"><div class=\"wp-block-post-author__content\"><p class=\"wp-block-post-author__name\">Soa<\/p><\/div><\/div>\n\n\n<p class=\"has-text-align-center\"><strong><a href=\"https:\/\/rafibaovao.noblogs.org\/\" data-type=\"link\" data-id=\"https:\/\/rafibaovao.noblogs.org\/\">Accueil<\/a><\/strong><\/p>\n\n\n<ol class=\"wp-block-footnotes\"><li id=\"c0eb1dee-d800-4a7e-8ed6-440f915ce993\">Marxisme h\u00e9t\u00e9rodoxe <a href=\"#c0eb1dee-d800-4a7e-8ed6-440f915ce993-link\" aria-label=\"Aller \u00e0 la note de bas de page 1\">\u21a9\ufe0e<\/a><\/li><li id=\"9f6a4ccd-9132-4a4f-8699-937dc5088e99\">Capitalistes <a href=\"#9f6a4ccd-9132-4a4f-8699-937dc5088e99-link\" aria-label=\"Aller \u00e0 la note de bas de page 2\">\u21a9\ufe0e<\/a><\/li><li id=\"67aa8e11-f66e-4588-96fd-6acf005c1a30\">Critique et autocritique <a href=\"#67aa8e11-f66e-4588-96fd-6acf005c1a30-link\" aria-label=\"Aller \u00e0 la note de bas de page 3\">\u21a9\ufe0e<\/a><\/li><\/ol>","protected":false},"excerpt":{"rendered":"<p>Amin&rsquo;ny teny Malagasy Pejy manonta lahatsoratra isan-kerinandro manome vahana ny kolontsaina pr\u00f4letera revolisionera Malagasy (Hevitra avy amin&rsquo;ny Ordine Nuovo an\u2019i Antonio Gramsci) 1. Iraka sy tanjona Rafi-baovao dia fanehoan-kevitra isan-kerinandro hanorenana miaraka ny fahatongavan-tsain&rsquo;ny mpikarama sy hampanjakana ny kolontsaina revolisionera amin&rsquo;ny foto-pisainana Malagasy. Tahaka an&rsquo;i Gramsci tao amin&rsquo;ny Ordine Nuovo (1919-1920), isika dia mino fa [&hellip;]<\/p>\n","protected":false},"author":21770,"featured_media":0,"parent":0,"menu_order":0,"comment_status":"closed","ping_status":"closed","template":"","meta":{"_locale":"fr_FR","_original_post":"https:\/\/rafibaovao.noblogs.org\/?page_id=23","footnotes":"[{\"id\":\"c0eb1dee-d800-4a7e-8ed6-440f915ce993\",\"content\":\"Marxisme h\\u00e9t\\u00e9rodoxe\"},{\"id\":\"9f6a4ccd-9132-4a4f-8699-937dc5088e99\",\"content\":\"Capitalistes\"},{\"id\":\"67aa8e11-f66e-4588-96fd-6acf005c1a30\",\"content\":\"Critique et autocritique\"}]"},"class_list":["post-23","page","type-page","status-publish","hentry","fr-FR"],"_links":{"self":[{"href":"https:\/\/rafibaovao.noblogs.org\/index.php?rest_route=\/wp\/v2\/pages\/23","targetHints":{"allow":["GET"]}}],"collection":[{"href":"https:\/\/rafibaovao.noblogs.org\/index.php?rest_route=\/wp\/v2\/pages"}],"about":[{"href":"https:\/\/rafibaovao.noblogs.org\/index.php?rest_route=\/wp\/v2\/types\/page"}],"author":[{"embeddable":true,"href":"https:\/\/rafibaovao.noblogs.org\/index.php?rest_route=\/wp\/v2\/users\/21770"}],"replies":[{"embeddable":true,"href":"https:\/\/rafibaovao.noblogs.org\/index.php?rest_route=%2Fwp%2Fv2%2Fcomments&post=23"}],"version-history":[{"count":39,"href":"https:\/\/rafibaovao.noblogs.org\/index.php?rest_route=\/wp\/v2\/pages\/23\/revisions"}],"predecessor-version":[{"id":246,"href":"https:\/\/rafibaovao.noblogs.org\/index.php?rest_route=\/wp\/v2\/pages\/23\/revisions\/246"}],"wp:attachment":[{"href":"https:\/\/rafibaovao.noblogs.org\/index.php?rest_route=%2Fwp%2Fv2%2Fmedia&parent=23"}],"curies":[{"name":"wp","href":"https:\/\/api.w.org\/{rel}","templated":true}]}}